{"id":1167,"date":"2022-08-22T12:38:46","date_gmt":"2022-08-22T10:38:46","guid":{"rendered":"https:\/\/sondainternacional.com\/suscripcion\/"},"modified":"2022-08-29T14:02:31","modified_gmt":"2022-08-29T12:02:31","slug":"suscripcion","status":"publish","type":"page","link":"https:\/\/test.sondainternacional.com\/en\/suscripcion\/","title":{"rendered":"Subscribe to our newsletter"},"content":{"rendered":"\n<!-- Begin Mailchimp Signup Form -->\n<div id=\"mc_embed_signup\" class=\"subscription_form\">\n\t<form action=\"https:\/\/sondainternacional.us14.list-manage.com\/subscribe\/post?u=90c641a4bcc46d268fea8e0c0&amp;id=27b1fed034&amp;f_id=0092fbe0f0\" method=\"post\" id=\"mc-embedded-subscribe-form\" name=\"mc-embedded-subscribe-form\" class=\"validate\" target=\"_blank\" novalidate=\"\">\n\t\t<div id=\"mc_embed_signup_scroll\">\n\n\t\t\t<div class=\"indicates-required\"><span class=\"asterisk\">*<\/span> indicates required<\/div>\n\t\t\t<div class=\"mc-field-group\">\n\t\t\t\t<label for=\"mce-EMAIL\">Email <span class=\"asterisk\">*<\/span>\n\t\t\t\t<\/label>\n\t\t\t\t<input type=\"email\" value=\"\" name=\"EMAIL\" class=\"required email\" id=\"mce-EMAIL\" required=\"\">\n\t\t\t\t<span id=\"mce-EMAIL-HELPERTEXT\" class=\"helper_text\"><\/span>\n\t\t\t<\/div>\n\t\t\t<div class=\"mc-field-group\">\n\t\t\t\t<label for=\"mce-FNAME\">First Name <span class=\"asterisk\">*<\/span>\n\t\t\t\t<\/label>\n\t\t\t\t<input type=\"text\" value=\"\" name=\"FNAME\" class=\"required\" id=\"mce-FNAME\" required=\"\">\n\t\t\t\t<span id=\"mce-FNAME-HELPERTEXT\" class=\"helper_text\"><\/span>\n\t\t\t<\/div>\n\t\t\t<div class=\"mc-field-group\">\n\t\t\t\t<label for=\"mce-LNAME\">Surname <span class=\"asterisk\">*<\/span>\n\t\t\t\t<\/label>\n\t\t\t\t<input type=\"text\" value=\"\" name=\"LNAME\" class=\"required\" id=\"mce-LNAME\" required=\"\">\n\t\t\t\t<span id=\"mce-LNAME-HELPERTEXT\" class=\"helper_text\"><\/span>\n\t\t\t<\/div>\n\t\t\t<div id=\"mce-responses\" class=\"clear foot\">\n\t\t\t\t<div class=\"response\" id=\"mce-error-response\" style=\"display:none\"><\/div>\n\t\t\t\t<div class=\"response\" id=\"mce-success-response\" style=\"display:none\"><\/div>\n\t\t\t<\/div> <!-- real people should not fill this in and expect good things - do not remove this or risk form bot signups-->\n\t\t\t<div style=\"position: absolute; left: -5000px;\" aria-hidden=\"true\"><input type=\"text\" name=\"b_90c641a4bcc46d268fea8e0c0_27b1fed034\" tabindex=\"-1\" value=\"\"><\/div>\n\t\t\t<div class=\"optionalParent\">\n\t\t\t\t<div class=\"clear foot\">\n\t\t\t\t\t<input type=\"submit\" value=\"Subscribe\" name=\"subscribe\" id=\"mc-embedded-subscribe\" class=\"button\">\n\t\t\t\t\t\n\t\t\t\t<\/div>\n\t\t\t<\/div>\n\t\t<\/div>\n\t<\/form>\n<\/div>\n<script type=\"text\/javascript\" src=\"\/\/s3.amazonaws.com\/downloads.mailchimp.com\/js\/mc-validate.js\"><\/script>\n<script type=\"text\/javascript\">\n\t(function($) {\n\t\twindow.fnames = new Array();\n\t\twindow.ftypes = new Array();\n\t\tfnames[0] = 'EMAIL';\n\t\tftypes[0] = 'email';\n\t\tfnames[1] = 'FNAME';\n\t\tftypes[1] = 'text';\n\t\tfnames[2] = 'LNAME';\n\t\tftypes[2] = 'text';\n\t\tfnames[3] = 'ADDRESS';\n\t\tftypes[3] = 'address';\n\t\tfnames[4] = 'PHONE';\n\t\tftypes[4] = 'phone';\n\t\tfnames[5] = 'BIRTHDAY';\n\t\tftypes[5] = 'birthday';\n\t\t\/*\n\t\t * Translated default messages for the $ validation plugin.\n\t\t * Locale: ES\n\t\t *\/\n\t\t$.extend($.validator.messages, {\n\t\t\trequired: \"This field is required\",\n\t\t\tremote: \"Please fill in this field\",\n\t\t\temail: \"Please enter a valid email address\",\n\t\t\turl: \"Por favor, escribe una URL v\u00e1lida.\",\n\t\t\tdate: \"Por favor, escribe una fecha v\u00e1lida.\",\n\t\t\tdateISO: \"Por favor, escribe una fecha (ISO) v\u00e1lida.\",\n\t\t\tnumber: \"Por favor, escribe un n\u00famero entero v\u00e1lido.\",\n\t\t\tdigits: \"Por favor, escribe s\u00f3lo d\u00edgitos.\",\n\t\t\tcreditcard: \"Por favor, escribe un n\u00famero de tarjeta v\u00e1lido.\",\n\t\t\tequalTo: \"Por favor, escribe el mismo valor de nuevo.\",\n\t\t\taccept: \"Por favor, escribe un valor con una extensi\u00f3n aceptada.\",\n\t\t\tmaxlength: $.validator.format(\"Por favor, no escribas m\u00e1s de {0} caracteres.\"),\n\t\t\tminlength: $.validator.format(\"Por favor, no escribas menos de {0} caracteres.\"),\n\t\t\trangelength: $.validator.format(\"Por favor, escribe un valor entre {0} y {1} caracteres.\"),\n\t\t\trange: $.validator.format(\"Por favor, escribe un valor entre {0} y {1}.\"),\n\t\t\tmax: $.validator.format(\"Por favor, escribe un valor menor o igual a {0}.\"),\n\t\t\tmin: $.validator.format(\"Por favor, escribe un valor mayor o igual a {0}.\")\n\t\t});\n\t}(jQuery));\n\tvar $mcj = jQuery.noConflict(true);\n<\/script>\n<!--End mc_embed_signup-->\n\n\n<div class=\"container\"><div class=\"row align-items-center justify-content-center\"><div class=\"col-12 col-md-10 pb-1\">\n<p><\/p>\n<\/div><\/div><\/div>\n\n<div class=\"container\"><div class=\"row align-items-center justify-content-center\"><div class=\"col-12 col-md-10 pb-1\">\n<p><\/p>\n<\/div><\/div><\/div>","protected":false},"excerpt":{"rendered":"","protected":false},"author":1,"featured_media":1163,"parent":0,"menu_order":0,"comment_status":"closed","ping_status":"closed","template":"page-banner.php","meta":{"_acf_changed":false,"content-type":"","footnotes":""},"class_list":["post-1167","page","type-page","status-publish","has-post-thumbnail","hentry"],"acf":[],"yoast_head":"<!-- This site is optimized with the Yoast SEO plugin v23.0 - https:\/\/yoast.com\/wordpress\/plugins\/seo\/ -->\n<title>Subscribe to our newsletter - SONDA Internacional<\/title>\n<meta name=\"description\" content=\"SONDA Internacional, medio de comunicaci\u00f3n independiente y sin \u00e1nimo de lucro, especializado en periodismo visual sobre la crisis clim\u00e1tica\" \/>\n<meta name=\"robots\" content=\"noindex, follow, max-snippet:-1, max-image-preview:large, max-video-preview:-1\" \/>\n<meta property=\"og:locale\" content=\"en_US\" \/>\n<meta property=\"og:type\" content=\"article\" \/>\n<meta property=\"og:title\" content=\"Subscribe to our newsletter - SONDA Internacional\" \/>\n<meta property=\"og:description\" content=\"SONDA Internacional, medio de comunicaci\u00f3n independiente y sin \u00e1nimo de lucro, especializado en periodismo visual sobre la crisis clim\u00e1tica\" \/>\n<meta property=\"og:url\" content=\"https:\/\/test.sondainternacional.com\/en\/suscripcion\/\" \/>\n<meta property=\"og:site_name\" content=\"SONDA Internacional\" \/>\n<meta property=\"article:publisher\" content=\"https:\/\/www.facebook.com\/SONDAinternacional\/\" \/>\n<meta property=\"article:modified_time\" content=\"2022-08-29T12:02:31+00:00\" \/>\n<meta property=\"og:image\" content=\"https:\/\/sondainternacional.com\/wp-content\/uploads\/2022\/08\/cabecera-suscripcion.jpg\" \/>\n\t<meta property=\"og:image:width\" content=\"1600\" \/>\n\t<meta property=\"og:image:height\" content=\"434\" \/>\n\t<meta property=\"og:image:type\" content=\"image\/jpeg\" \/>\n<meta name=\"twitter:card\" content=\"summary_large_image\" \/>\n<meta name=\"twitter:site\" content=\"@SondaInt\" \/>\n<meta name=\"twitter:label1\" content=\"Est. reading time\" \/>\n\t<meta name=\"twitter:data1\" content=\"1 minute\" \/>\n<script type=\"application\/ld+json\" class=\"yoast-schema-graph\">{\"@context\":\"https:\/\/schema.org\",\"@graph\":[{\"@type\":\"WebPage\",\"@id\":\"https:\/\/test.sondainternacional.com\/en\/suscripcion\/\",\"url\":\"https:\/\/test.sondainternacional.com\/en\/suscripcion\/\",\"name\":\"Subscribe to our newsletter - SONDA Internacional\",\"isPartOf\":{\"@id\":\"https:\/\/sondainternacional.com\/#website\"},\"primaryImageOfPage\":{\"@id\":\"https:\/\/test.sondainternacional.com\/en\/suscripcion\/#primaryimage\"},\"image\":{\"@id\":\"https:\/\/test.sondainternacional.com\/en\/suscripcion\/#primaryimage\"},\"thumbnailUrl\":\"https:\/\/test.sondainternacional.com\/wp-content\/uploads\/2022\/08\/cabecera-suscripcion.jpg\",\"datePublished\":\"2022-08-22T10:38:46+00:00\",\"dateModified\":\"2022-08-29T12:02:31+00:00\",\"description\":\"SONDA Internacional, medio de comunicaci\u00f3n independiente y sin \u00e1nimo de lucro, especializado en periodismo visual sobre la crisis clim\u00e1tica\",\"breadcrumb\":{\"@id\":\"https:\/\/test.sondainternacional.com\/en\/suscripcion\/#breadcrumb\"},\"inLanguage\":\"en-US\",\"potentialAction\":[{\"@type\":\"ReadAction\",\"target\":[\"https:\/\/test.sondainternacional.com\/en\/suscripcion\/\"]}]},{\"@type\":\"ImageObject\",\"inLanguage\":\"en-US\",\"@id\":\"https:\/\/test.sondainternacional.com\/en\/suscripcion\/#primaryimage\",\"url\":\"https:\/\/test.sondainternacional.com\/wp-content\/uploads\/2022\/08\/cabecera-suscripcion.jpg\",\"contentUrl\":\"https:\/\/test.sondainternacional.com\/wp-content\/uploads\/2022\/08\/cabecera-suscripcion.jpg\",\"width\":1600,\"height\":434,\"caption\":\"Selva, jungla, pulm\u00f3n verde. Biodiversidad, conservacionismo, naturaleza. Crisis clim\u00e1tica, cambio clim\u00e1tico\"},{\"@type\":\"BreadcrumbList\",\"@id\":\"https:\/\/test.sondainternacional.com\/en\/suscripcion\/#breadcrumb\",\"itemListElement\":[{\"@type\":\"ListItem\",\"position\":1,\"name\":\"Sonda Internacional\",\"item\":\"https:\/\/test.sondainternacional.com\/en\/\"},{\"@type\":\"ListItem\",\"position\":2,\"name\":\"Subscribe to our newsletter\"}]},{\"@type\":\"WebSite\",\"@id\":\"https:\/\/sondainternacional.com\/#website\",\"url\":\"https:\/\/sondainternacional.com\/\",\"name\":\"SONDA Internacional\",\"description\":\"Sonda internacional - Periodismo Visual sobre la Crisis Clim\u00e1tica\",\"publisher\":{\"@id\":\"https:\/\/sondainternacional.com\/#organization\"},\"potentialAction\":[{\"@type\":\"SearchAction\",\"target\":{\"@type\":\"EntryPoint\",\"urlTemplate\":\"https:\/\/sondainternacional.com\/?s={search_term_string}\"},\"query-input\":\"required name=search_term_string\"}],\"inLanguage\":\"en-US\"},{\"@type\":\"Organization\",\"@id\":\"https:\/\/sondainternacional.com\/#organization\",\"name\":\"Sonda Internacional\",\"url\":\"https:\/\/sondainternacional.com\/\",\"logo\":{\"@type\":\"ImageObject\",\"inLanguage\":\"en-US\",\"@id\":\"https:\/\/sondainternacional.com\/#\/schema\/logo\/image\/\",\"url\":\"https:\/\/test.sondainternacional.com\/wp-content\/uploads\/2022\/03\/logotipo-sonda-3.png\",\"contentUrl\":\"https:\/\/test.sondainternacional.com\/wp-content\/uploads\/2022\/03\/logotipo-sonda-3.png\",\"width\":576,\"height\":195,\"caption\":\"Sonda Internacional\"},\"image\":{\"@id\":\"https:\/\/sondainternacional.com\/#\/schema\/logo\/image\/\"},\"sameAs\":[\"https:\/\/www.facebook.com\/SONDAinternacional\/\",\"https:\/\/x.com\/SondaInt\",\"https:\/\/www.instagram.com\/sondainternacional\/\",\"https:\/\/www.linkedin.com\/company\/sonda-internacional\/\",\"https:\/\/www.youtube.com\/channel\/UCfXRwpt3KDr2WtAMXMRfUhw\",\"https:\/\/en.wikipedia.org\/wiki\/Santi_Palacios\"]}]}<\/script>\n<!-- \/ Yoast SEO plugin. -->","yoast_head_json":{"title":"Subscribe to our newsletter - SONDA Internacional","description":"SONDA Internacional, medio de comunicaci\u00f3n independiente y sin \u00e1nimo de lucro, especializado en periodismo visual sobre la crisis clim\u00e1tica","robots":{"index":"noindex","follow":"follow","max-snippet":"max-snippet:-1","max-image-preview":"max-image-preview:large","max-video-preview":"max-video-preview:-1"},"og_locale":"en_US","og_type":"article","og_title":"Subscribe to our newsletter - SONDA Internacional","og_description":"SONDA Internacional, medio de comunicaci\u00f3n independiente y sin \u00e1nimo de lucro, especializado en periodismo visual sobre la crisis clim\u00e1tica","og_url":"https:\/\/test.sondainternacional.com\/en\/suscripcion\/","og_site_name":"SONDA Internacional","article_publisher":"https:\/\/www.facebook.com\/SONDAinternacional\/","article_modified_time":"2022-08-29T12:02:31+00:00","og_image":[{"width":1600,"height":434,"url":"https:\/\/sondainternacional.com\/wp-content\/uploads\/2022\/08\/cabecera-suscripcion.jpg","type":"image\/jpeg"}],"twitter_card":"summary_large_image","twitter_site":"@SondaInt","twitter_misc":{"Est. reading time":"1 minute"},"schema":{"@context":"https:\/\/schema.org","@graph":[{"@type":"WebPage","@id":"https:\/\/test.sondainternacional.com\/en\/suscripcion\/","url":"https:\/\/test.sondainternacional.com\/en\/suscripcion\/","name":"Subscribe to our newsletter - SONDA Internacional","isPartOf":{"@id":"https:\/\/sondainternacional.com\/#website"},"primaryImageOfPage":{"@id":"https:\/\/test.sondainternacional.com\/en\/suscripcion\/#primaryimage"},"image":{"@id":"https:\/\/test.sondainternacional.com\/en\/suscripcion\/#primaryimage"},"thumbnailUrl":"https:\/\/test.sondainternacional.com\/wp-content\/uploads\/2022\/08\/cabecera-suscripcion.jpg","datePublished":"2022-08-22T10:38:46+00:00","dateModified":"2022-08-29T12:02:31+00:00","description":"SONDA Internacional, medio de comunicaci\u00f3n independiente y sin \u00e1nimo de lucro, especializado en periodismo visual sobre la crisis clim\u00e1tica","breadcrumb":{"@id":"https:\/\/test.sondainternacional.com\/en\/suscripcion\/#breadcrumb"},"inLanguage":"en-US","potentialAction":[{"@type":"ReadAction","target":["https:\/\/test.sondainternacional.com\/en\/suscripcion\/"]}]},{"@type":"ImageObject","inLanguage":"en-US","@id":"https:\/\/test.sondainternacional.com\/en\/suscripcion\/#primaryimage","url":"https:\/\/test.sondainternacional.com\/wp-content\/uploads\/2022\/08\/cabecera-suscripcion.jpg","contentUrl":"https:\/\/test.sondainternacional.com\/wp-content\/uploads\/2022\/08\/cabecera-suscripcion.jpg","width":1600,"height":434,"caption":"Selva, jungla, pulm\u00f3n verde. Biodiversidad, conservacionismo, naturaleza. Crisis clim\u00e1tica, cambio clim\u00e1tico"},{"@type":"BreadcrumbList","@id":"https:\/\/test.sondainternacional.com\/en\/suscripcion\/#breadcrumb","itemListElement":[{"@type":"ListItem","position":1,"name":"Sonda Internacional","item":"https:\/\/test.sondainternacional.com\/en\/"},{"@type":"ListItem","position":2,"name":"Subscribe to our newsletter"}]},{"@type":"WebSite","@id":"https:\/\/sondainternacional.com\/#website","url":"https:\/\/sondainternacional.com\/","name":"SONDA Internacional","description":"Sonda internacional - Periodismo Visual sobre la Crisis Clim\u00e1tica","publisher":{"@id":"https:\/\/sondainternacional.com\/#organization"},"potentialAction":[{"@type":"SearchAction","target":{"@type":"EntryPoint","urlTemplate":"https:\/\/sondainternacional.com\/?s={search_term_string}"},"query-input":"required name=search_term_string"}],"inLanguage":"en-US"},{"@type":"Organization","@id":"https:\/\/sondainternacional.com\/#organization","name":"Sonda Internacional","url":"https:\/\/sondainternacional.com\/","logo":{"@type":"ImageObject","inLanguage":"en-US","@id":"https:\/\/sondainternacional.com\/#\/schema\/logo\/image\/","url":"https:\/\/test.sondainternacional.com\/wp-content\/uploads\/2022\/03\/logotipo-sonda-3.png","contentUrl":"https:\/\/test.sondainternacional.com\/wp-content\/uploads\/2022\/03\/logotipo-sonda-3.png","width":576,"height":195,"caption":"Sonda Internacional"},"image":{"@id":"https:\/\/sondainternacional.com\/#\/schema\/logo\/image\/"},"sameAs":["https:\/\/www.facebook.com\/SONDAinternacional\/","https:\/\/x.com\/SondaInt","https:\/\/www.instagram.com\/sondainternacional\/","https:\/\/www.linkedin.com\/company\/sonda-internacional\/","https:\/\/www.youtube.com\/channel\/UCfXRwpt3KDr2WtAMXMRfUhw","https:\/\/en.wikipedia.org\/wiki\/Santi_Palacios"]}]}},"_links":{"self":[{"href":"https:\/\/test.sondainternacional.com\/en\/wp-json\/wp\/v2\/pages\/1167","targetHints":{"allow":["GET"]}}],"collection":[{"href":"https:\/\/test.sondainternacional.com\/en\/wp-json\/wp\/v2\/pages"}],"about":[{"href":"https:\/\/test.sondainternacional.com\/en\/wp-json\/wp\/v2\/types\/page"}],"author":[{"embeddable":true,"href":"https:\/\/test.sondainternacional.com\/en\/wp-json\/wp\/v2\/users\/1"}],"replies":[{"embeddable":true,"href":"https:\/\/test.sondainternacional.com\/en\/wp-json\/wp\/v2\/comments?post=1167"}],"version-history":[{"count":2,"href":"https:\/\/test.sondainternacional.com\/en\/wp-json\/wp\/v2\/pages\/1167\/revisions"}],"predecessor-version":[{"id":1192,"href":"https:\/\/test.sondainternacional.com\/en\/wp-json\/wp\/v2\/pages\/1167\/revisions\/1192"}],"wp:featuredmedia":[{"embeddable":true,"href":"https:\/\/test.sondainternacional.com\/en\/wp-json\/wp\/v2\/media\/1163"}],"wp:attachment":[{"href":"https:\/\/test.sondainternacional.com\/en\/wp-json\/wp\/v2\/media?parent=1167"}],"curies":[{"name":"wp","href":"https:\/\/api.w.org\/{rel}","templated":true}]}}