{"id":303,"date":"2022-03-07T11:35:56","date_gmt":"2022-03-07T10:35:56","guid":{"rendered":"https:\/\/test.sondainternacional.com\/politica-de-privacidad\/"},"modified":"2022-04-27T12:00:11","modified_gmt":"2022-04-27T12:00:11","slug":"privacy-policy","status":"publish","type":"page","link":"https:\/\/test.sondainternacional.com\/en\/privacy-policy\/","title":{"rendered":"Privacy Policy"},"content":{"rendered":"<div class=\"container\"><div class=\"row align-items-center justify-content-center heading-block\"><div class=\"col-12 col-md-10 pb-1\">\n<h3 class=\"wp-block-heading\"><strong>1. Privacy policy<\/strong><\/h3>\n<\/div><\/div><\/div><div class=\"container\"><div class=\"row align-items-center justify-content-center\"><div class=\"col-12 col-md-10 pb-1\">\n<p>The association Sonda Internacional informs the users of the website about its policy regarding the treatment and protection of the personal data of users and clients that may be collected by browsing or contracting services through its website.<\/p>\n<\/div><\/div><\/div><div class=\"container\"><div class=\"row align-items-center justify-content-center\"><div class=\"col-12 col-md-10 pb-1\">\n<p>In this sense, the association Sonda Internacional guarantees compliance with current legislation on the protection of personal data, reflected in Organic Law 15\/1999 of 13 December, on the Protection of Personal Data and in Royal Decree 1720\/2007, of 21 December, which approves the Regulations for the Development of the LOPD.<\/p>\n<\/div><\/div><\/div><div class=\"container\"><div class=\"row align-items-center justify-content-center\"><div class=\"col-12 col-md-10 pb-1\">\n<p>Use of this website implies acceptance of this privacy policy.<\/p>\n<\/div><\/div><\/div><div class=\"container\"><div class=\"row align-items-center justify-content-center heading-block\"><div class=\"col-12 col-md-10 pb-1\">\n<h3 class=\"wp-block-heading\"><strong>2. Collection, purpose and processing of data<\/strong><\/h3>\n<\/div><\/div><\/div><div class=\"container\"><div class=\"row align-items-center justify-content-center\"><div class=\"col-12 col-md-10 pb-1\">\n<p>The association Sonda Internacional has the duty to inform the users of its website about the collection of personal data that may be carried out, either by sending e-mails or by filling in the forms included on the website. In this respect, the association Sonda International shall be considered as responsible for the data collected by the means described above.<\/p>\n<\/div><\/div><\/div><div class=\"container\"><div class=\"row align-items-center justify-content-center\"><div class=\"col-12 col-md-10 pb-1\">\n<p>In turn, the association Sonda Internacional informs users that the purpose of the processing of the data collected includes: The attention of requests made by users, the provision of services, the management of the commercial relationship and the notification of news and commercial offers.<\/p>\n<\/div><\/div><\/div><div class=\"container\"><div class=\"row align-items-center justify-content-center\"><div class=\"col-12 col-md-10 pb-1\">\n<p>The operations, management and technical procedures that are carried out in an automated or non-automated manner and that make possible the collection, storage, modification, transfer and other actions on personal data are considered to be the processing of personal data.<\/p>\n<\/div><\/div><\/div><div class=\"container\"><div class=\"row align-items-center justify-content-center\"><div class=\"col-12 col-md-10 pb-1\">\n<p>All personal data collected through the website of the association Sonda Internacional, and therefore considered as personal data processing, will be included in the files declared to the Spanish Data Protection Agency by the association Sonda Internacional.<\/p>\n<\/div><\/div><\/div><div class=\"container\"><div class=\"row align-items-center justify-content-center heading-block\"><div class=\"col-12 col-md-10 pb-1\">\n<h3 class=\"wp-block-heading\"><strong>3. Communication of information to third parties<\/strong><\/h3>\n<\/div><\/div><\/div><div class=\"container\"><div class=\"row align-items-center justify-content-center\"><div class=\"col-12 col-md-10 pb-1\">\n<p>The association Sonda International informs users that their personal data will not be transferred to third party organisations, except when such transfer of data is covered by a legal obligation or when the provision of a service implies the need for a contractual relationship with a data processor. In the latter case, the transfer of data to the third party will only take place when the association Sonda International has the express consent of the user.<\/p>\n<\/div><\/div><\/div><div class=\"container\"><div class=\"row align-items-center justify-content-center heading-block\"><div class=\"col-12 col-md-10 pb-1\">\n<h3 class=\"wp-block-heading\"><strong>4. User rights<\/strong><\/h3>\n<\/div><\/div><\/div><div class=\"container\"><div class=\"row align-items-center justify-content-center\"><div class=\"col-12 col-md-10 pb-1\">\n<p>Organic Law 15\/1999 of 13 December 1999 on the Protection of Personal Data grants data subjects the possibility of exercising a series of rights related to the processing of their personal data.<\/p>\n<\/div><\/div><\/div><div class=\"container\"><div class=\"row align-items-center justify-content-center\"><div class=\"col-12 col-md-10 pb-1\">\n<p>Insofar as the user&#8217;s data are processed by the association <strong>Sonda Internacional<\/strong>, users may exercise their rights of access, rectification, cancellation and opposition in accordance with the provisions of the current legal regulations on the protection of personal data.<\/p>\n<\/div><\/div><\/div><div class=\"container\"><div class=\"row align-items-center justify-content-center\"><div class=\"col-12 col-md-10 pb-1\">\n<p>In order to exercise these rights, the user must send a written communication, providing proof of identity (ID card or passport), by sending an email to <a href=\"mailto:info@sondainternacional.com\">info@sondainternacional.com<\/a>. This communication shall contain the following information: the name and surname of the user, the request, the address and supporting data.<\/p>\n<\/div><\/div><\/div><div class=\"container\"><div class=\"row align-items-center justify-content-center\"><div class=\"col-12 col-md-10 pb-1\">\n<p>The exercise of rights must be carried out by the user himself. However, they may be executed by a person authorised as the authorised person&#8217;s legal representative. In this case, documentation must be provided to prove the interested party&#8217;s representation.<\/p>\n<\/div><\/div><\/div><div class=\"container\"><div class=\"row align-items-center justify-content-center\"><div class=\"col-12 col-md-10 pb-1\">\n<p><\/p>\n<\/div><\/div><\/div>","protected":false},"excerpt":{"rendered":"1. Privacy policy The association Sonda Internacional informs the users of the website about its policy regarding the treatment and protection of the personal data of users and clients that may be collected by browsing or contracting services through its website. In this sense, the association Sonda Internacional guarantees compliance with current legislation on the&#8230;","protected":false},"author":1,"featured_media":0,"parent":0,"menu_order":30,"comment_status":"closed","ping_status":"closed","template":"","meta":{"_acf_changed":false,"content-type":"","footnotes":""},"class_list":["post-303","page","type-page","status-publish","hentry"],"acf":[],"yoast_head":"<!-- This site is optimized with the Yoast SEO plugin v23.0 - https:\/\/yoast.com\/wordpress\/plugins\/seo\/ -->\n<title>Privacy Policy - SONDA Internacional<\/title>\n<meta name=\"description\" content=\"SONDA Internacional, medio de comunicaci\u00f3n independiente y sin \u00e1nimo de lucro, especializado en periodismo visual sobre la crisis clim\u00e1tica\" \/>\n<meta name=\"robots\" content=\"noindex, follow, max-snippet:-1, max-image-preview:large, max-video-preview:-1\" \/>\n<meta property=\"og:locale\" content=\"en_US\" \/>\n<meta property=\"og:type\" content=\"article\" \/>\n<meta property=\"og:title\" content=\"Privacy Policy - SONDA Internacional\" \/>\n<meta property=\"og:description\" content=\"SONDA Internacional, medio de comunicaci\u00f3n independiente y sin \u00e1nimo de lucro, especializado en periodismo visual sobre la crisis clim\u00e1tica\" \/>\n<meta property=\"og:url\" content=\"https:\/\/test.sondainternacional.com\/en\/privacy-policy\/\" \/>\n<meta property=\"og:site_name\" content=\"SONDA Internacional\" \/>\n<meta property=\"article:publisher\" content=\"https:\/\/www.facebook.com\/SONDAinternacional\/\" \/>\n<meta property=\"article:modified_time\" content=\"2022-04-27T12:00:11+00:00\" \/>\n<meta name=\"twitter:card\" content=\"summary_large_image\" \/>\n<meta name=\"twitter:site\" content=\"@SondaInt\" \/>\n<meta name=\"twitter:label1\" content=\"Est. reading time\" \/>\n\t<meta name=\"twitter:data1\" content=\"3 minutes\" \/>\n<script type=\"application\/ld+json\" class=\"yoast-schema-graph\">{\"@context\":\"https:\/\/schema.org\",\"@graph\":[{\"@type\":\"WebPage\",\"@id\":\"https:\/\/test.sondainternacional.com\/en\/privacy-policy\/\",\"url\":\"https:\/\/test.sondainternacional.com\/en\/privacy-policy\/\",\"name\":\"Privacy Policy - SONDA Internacional\",\"isPartOf\":{\"@id\":\"https:\/\/sondainternacional.com\/#website\"},\"datePublished\":\"2022-03-07T10:35:56+00:00\",\"dateModified\":\"2022-04-27T12:00:11+00:00\",\"description\":\"SONDA Internacional, medio de comunicaci\u00f3n independiente y sin \u00e1nimo de lucro, especializado en periodismo visual sobre la crisis clim\u00e1tica\",\"breadcrumb\":{\"@id\":\"https:\/\/test.sondainternacional.com\/en\/privacy-policy\/#breadcrumb\"},\"inLanguage\":\"en-US\",\"potentialAction\":[{\"@type\":\"ReadAction\",\"target\":[\"https:\/\/test.sondainternacional.com\/en\/privacy-policy\/\"]}]},{\"@type\":\"BreadcrumbList\",\"@id\":\"https:\/\/test.sondainternacional.com\/en\/privacy-policy\/#breadcrumb\",\"itemListElement\":[{\"@type\":\"ListItem\",\"position\":1,\"name\":\"Sonda Internacional\",\"item\":\"https:\/\/test.sondainternacional.com\/en\/\"},{\"@type\":\"ListItem\",\"position\":2,\"name\":\"Privacy Policy\"}]},{\"@type\":\"WebSite\",\"@id\":\"https:\/\/sondainternacional.com\/#website\",\"url\":\"https:\/\/sondainternacional.com\/\",\"name\":\"SONDA Internacional\",\"description\":\"Sonda internacional - Periodismo Visual sobre la Crisis Clim\u00e1tica\",\"publisher\":{\"@id\":\"https:\/\/sondainternacional.com\/#organization\"},\"potentialAction\":[{\"@type\":\"SearchAction\",\"target\":{\"@type\":\"EntryPoint\",\"urlTemplate\":\"https:\/\/sondainternacional.com\/?s={search_term_string}\"},\"query-input\":\"required name=search_term_string\"}],\"inLanguage\":\"en-US\"},{\"@type\":\"Organization\",\"@id\":\"https:\/\/sondainternacional.com\/#organization\",\"name\":\"Sonda Internacional\",\"url\":\"https:\/\/sondainternacional.com\/\",\"logo\":{\"@type\":\"ImageObject\",\"inLanguage\":\"en-US\",\"@id\":\"https:\/\/sondainternacional.com\/#\/schema\/logo\/image\/\",\"url\":\"https:\/\/test.sondainternacional.com\/wp-content\/uploads\/2022\/03\/logotipo-sonda-3.png\",\"contentUrl\":\"https:\/\/test.sondainternacional.com\/wp-content\/uploads\/2022\/03\/logotipo-sonda-3.png\",\"width\":576,\"height\":195,\"caption\":\"Sonda Internacional\"},\"image\":{\"@id\":\"https:\/\/sondainternacional.com\/#\/schema\/logo\/image\/\"},\"sameAs\":[\"https:\/\/www.facebook.com\/SONDAinternacional\/\",\"https:\/\/x.com\/SondaInt\",\"https:\/\/www.instagram.com\/sondainternacional\/\",\"https:\/\/www.linkedin.com\/company\/sonda-internacional\/\",\"https:\/\/www.youtube.com\/channel\/UCfXRwpt3KDr2WtAMXMRfUhw\",\"https:\/\/en.wikipedia.org\/wiki\/Santi_Palacios\"]}]}<\/script>\n<!-- \/ Yoast SEO plugin. -->","yoast_head_json":{"title":"Privacy Policy - SONDA Internacional","description":"SONDA Internacional, medio de comunicaci\u00f3n independiente y sin \u00e1nimo de lucro, especializado en periodismo visual sobre la crisis clim\u00e1tica","robots":{"index":"noindex","follow":"follow","max-snippet":"max-snippet:-1","max-image-preview":"max-image-preview:large","max-video-preview":"max-video-preview:-1"},"og_locale":"en_US","og_type":"article","og_title":"Privacy Policy - SONDA Internacional","og_description":"SONDA Internacional, medio de comunicaci\u00f3n independiente y sin \u00e1nimo de lucro, especializado en periodismo visual sobre la crisis clim\u00e1tica","og_url":"https:\/\/test.sondainternacional.com\/en\/privacy-policy\/","og_site_name":"SONDA Internacional","article_publisher":"https:\/\/www.facebook.com\/SONDAinternacional\/","article_modified_time":"2022-04-27T12:00:11+00:00","twitter_card":"summary_large_image","twitter_site":"@SondaInt","twitter_misc":{"Est. reading time":"3 minutes"},"schema":{"@context":"https:\/\/schema.org","@graph":[{"@type":"WebPage","@id":"https:\/\/test.sondainternacional.com\/en\/privacy-policy\/","url":"https:\/\/test.sondainternacional.com\/en\/privacy-policy\/","name":"Privacy Policy - SONDA Internacional","isPartOf":{"@id":"https:\/\/sondainternacional.com\/#website"},"datePublished":"2022-03-07T10:35:56+00:00","dateModified":"2022-04-27T12:00:11+00:00","description":"SONDA Internacional, medio de comunicaci\u00f3n independiente y sin \u00e1nimo de lucro, especializado en periodismo visual sobre la crisis clim\u00e1tica","breadcrumb":{"@id":"https:\/\/test.sondainternacional.com\/en\/privacy-policy\/#breadcrumb"},"inLanguage":"en-US","potentialAction":[{"@type":"ReadAction","target":["https:\/\/test.sondainternacional.com\/en\/privacy-policy\/"]}]},{"@type":"BreadcrumbList","@id":"https:\/\/test.sondainternacional.com\/en\/privacy-policy\/#breadcrumb","itemListElement":[{"@type":"ListItem","position":1,"name":"Sonda Internacional","item":"https:\/\/test.sondainternacional.com\/en\/"},{"@type":"ListItem","position":2,"name":"Privacy Policy"}]},{"@type":"WebSite","@id":"https:\/\/sondainternacional.com\/#website","url":"https:\/\/sondainternacional.com\/","name":"SONDA Internacional","description":"Sonda internacional - Periodismo Visual sobre la Crisis Clim\u00e1tica","publisher":{"@id":"https:\/\/sondainternacional.com\/#organization"},"potentialAction":[{"@type":"SearchAction","target":{"@type":"EntryPoint","urlTemplate":"https:\/\/sondainternacional.com\/?s={search_term_string}"},"query-input":"required name=search_term_string"}],"inLanguage":"en-US"},{"@type":"Organization","@id":"https:\/\/sondainternacional.com\/#organization","name":"Sonda Internacional","url":"https:\/\/sondainternacional.com\/","logo":{"@type":"ImageObject","inLanguage":"en-US","@id":"https:\/\/sondainternacional.com\/#\/schema\/logo\/image\/","url":"https:\/\/test.sondainternacional.com\/wp-content\/uploads\/2022\/03\/logotipo-sonda-3.png","contentUrl":"https:\/\/test.sondainternacional.com\/wp-content\/uploads\/2022\/03\/logotipo-sonda-3.png","width":576,"height":195,"caption":"Sonda Internacional"},"image":{"@id":"https:\/\/sondainternacional.com\/#\/schema\/logo\/image\/"},"sameAs":["https:\/\/www.facebook.com\/SONDAinternacional\/","https:\/\/x.com\/SondaInt","https:\/\/www.instagram.com\/sondainternacional\/","https:\/\/www.linkedin.com\/company\/sonda-internacional\/","https:\/\/www.youtube.com\/channel\/UCfXRwpt3KDr2WtAMXMRfUhw","https:\/\/en.wikipedia.org\/wiki\/Santi_Palacios"]}]}},"_links":{"self":[{"href":"https:\/\/test.sondainternacional.com\/en\/wp-json\/wp\/v2\/pages\/303","targetHints":{"allow":["GET"]}}],"collection":[{"href":"https:\/\/test.sondainternacional.com\/en\/wp-json\/wp\/v2\/pages"}],"about":[{"href":"https:\/\/test.sondainternacional.com\/en\/wp-json\/wp\/v2\/types\/page"}],"author":[{"embeddable":true,"href":"https:\/\/test.sondainternacional.com\/en\/wp-json\/wp\/v2\/users\/1"}],"replies":[{"embeddable":true,"href":"https:\/\/test.sondainternacional.com\/en\/wp-json\/wp\/v2\/comments?post=303"}],"version-history":[{"count":5,"href":"https:\/\/test.sondainternacional.com\/en\/wp-json\/wp\/v2\/pages\/303\/revisions"}],"predecessor-version":[{"id":783,"href":"https:\/\/test.sondainternacional.com\/en\/wp-json\/wp\/v2\/pages\/303\/revisions\/783"}],"wp:attachment":[{"href":"https:\/\/test.sondainternacional.com\/en\/wp-json\/wp\/v2\/media?parent=303"}],"curies":[{"name":"wp","href":"https:\/\/api.w.org\/{rel}","templated":true}]}}